{"id":88,"date":"2019-06-13T06:54:40","date_gmt":"2019-06-13T06:54:40","guid":{"rendered":"https:\/\/www.bluemacmachines.com\/?page_id=88"},"modified":"2021-06-16T06:11:57","modified_gmt":"2021-06-16T06:11:57","slug":"thc-system-sensor-capacitivo-de-ultima-generacion","status":"publish","type":"page","link":"https:\/\/www.bluemacmachines.com\/index.php\/nuestro-productos\/thc-system-sensor-capacitivo-de-ultima-generacion\/","title":{"rendered":"THC system, sensor capacitivo de \u00faltima generaci\u00f3n"},"content":{"rendered":"<div class=\"wpb-content-wrapper\">[vc_row gap=\u00bb25&#8243;][vc_column width=\u00bb1\/2&#8243;]<div class=\"wpex-slider-preloaderimg \"><img width=\"1900\" height=\"1268\" src=\"https:\/\/www.bluemacmachines.com\/wp-content\/uploads\/2019\/06\/maquina-corte-blue-machine.jpg\" class=\"skip-lazy\" alt=\"\" data-no-lazy=\"1\" srcset=\"https:\/\/www.bluemacmachines.com\/wp-content\/uploads\/2019\/06\/maquina-corte-blue-machine.jpg 1900w, https:\/\/www.bluemacmachines.com\/wp-content\/uploads\/2019\/06\/maquina-corte-blue-machine-150x100.jpg 150w, https:\/\/www.bluemacmachines.com\/wp-content\/uploads\/2019\/06\/maquina-corte-blue-machine-300x200.jpg 300w, https:\/\/www.bluemacmachines.com\/wp-content\/uploads\/2019\/06\/maquina-corte-blue-machine-768x513.jpg 768w, https:\/\/www.bluemacmachines.com\/wp-content\/uploads\/2019\/06\/maquina-corte-blue-machine-1024x683.jpg 1024w\" sizes=\"(max-width: 1900px) 100vw, 1900px\" \/><\/div><div class=\"vcex-module wpex-slider slider-pro no-margin-thumbnails vcex-image-gallery-slider wpex-lightbox-group\" data-thumbnails=\"true\" data-thumbnail-height=\"auto\" data-auto-play-delay=\"5000\" data-animation-speed=\"600\" data-height-animation-duration=\"500\" data-show_title=\"false\"><div class=\"wpex-slider-slides sp-slides\"><div class=\"wpex-slider-slide sp-slide\"><div class=\"wpex-slider-media\"><a href=\"https:\/\/www.bluemacmachines.com\/wp-content\/uploads\/2019\/06\/maquina-corte-blue-machine.jpg\" class=\"vcex-galleryslider-entry-img wpex-lightbox-group-item\"><img width=\"1900\" height=\"1268\" src=\"https:\/\/www.bluemacmachines.com\/wp-content\/uploads\/2019\/06\/maquina-corte-blue-machine.jpg\" class=\"skip-lazy\" alt=\"\" data-no-lazy=\"1\" srcset=\"https:\/\/www.bluemacmachines.com\/wp-content\/uploads\/2019\/06\/maquina-corte-blue-machine.jpg 1900w, https:\/\/www.bluemacmachines.com\/wp-content\/uploads\/2019\/06\/maquina-corte-blue-machine-150x100.jpg 150w, https:\/\/www.bluemacmachines.com\/wp-content\/uploads\/2019\/06\/maquina-corte-blue-machine-300x200.jpg 300w, https:\/\/www.bluemacmachines.com\/wp-content\/uploads\/2019\/06\/maquina-corte-blue-machine-768x513.jpg 768w, https:\/\/www.bluemacmachines.com\/wp-content\/uploads\/2019\/06\/maquina-corte-blue-machine-1024x683.jpg 1024w\" sizes=\"(max-width: 1900px) 100vw, 1900px\" \/><\/a><\/div><\/div><div class=\"wpex-slider-slide sp-slide\"><div class=\"wpex-slider-media\"><a href=\"https:\/\/www.bluemacmachines.com\/wp-content\/uploads\/2019\/06\/image012m.jpg\" class=\"vcex-galleryslider-entry-img wpex-lightbox-group-item\"><img width=\"1900\" height=\"1268\" src=\"https:\/\/www.bluemacmachines.com\/wp-content\/uploads\/2019\/06\/image012m.jpg\" class=\"skip-lazy\" alt=\"\" data-no-lazy=\"1\" srcset=\"https:\/\/www.bluemacmachines.com\/wp-content\/uploads\/2019\/06\/image012m.jpg 1900w, https:\/\/www.bluemacmachines.com\/wp-content\/uploads\/2019\/06\/image012m-150x100.jpg 150w, https:\/\/www.bluemacmachines.com\/wp-content\/uploads\/2019\/06\/image012m-300x200.jpg 300w, https:\/\/www.bluemacmachines.com\/wp-content\/uploads\/2019\/06\/image012m-768x513.jpg 768w, https:\/\/www.bluemacmachines.com\/wp-content\/uploads\/2019\/06\/image012m-1024x683.jpg 1024w\" sizes=\"(max-width: 1900px) 100vw, 1900px\" \/><\/a><\/div><\/div><div class=\"wpex-slider-slide sp-slide\"><div class=\"wpex-slider-media\"><a href=\"https:\/\/www.bluemacmachines.com\/wp-content\/uploads\/2019\/06\/image007.jpg\" class=\"vcex-galleryslider-entry-img wpex-lightbox-group-item\"><img width=\"1280\" height=\"854\" src=\"https:\/\/www.bluemacmachines.com\/wp-content\/uploads\/2019\/06\/image007.jpg\" class=\"skip-lazy\" alt=\"\" data-no-lazy=\"1\" srcset=\"https:\/\/www.bluemacmachines.com\/wp-content\/uploads\/2019\/06\/image007.jpg 1280w, https:\/\/www.bluemacmachines.com\/wp-content\/uploads\/2019\/06\/image007-150x100.jpg 150w, https:\/\/www.bluemacmachines.com\/wp-content\/uploads\/2019\/06\/image007-300x200.jpg 300w, https:\/\/www.bluemacmachines.com\/wp-content\/uploads\/2019\/06\/image007-768x512.jpg 768w, https:\/\/www.bluemacmachines.com\/wp-content\/uploads\/2019\/06\/image007-1024x683.jpg 1024w\" sizes=\"(max-width: 1280px) 100vw, 1280px\" \/><\/a><\/div><\/div><div class=\"wpex-slider-slide sp-slide\"><div class=\"wpex-slider-media\"><a href=\"https:\/\/www.bluemacmachines.com\/wp-content\/uploads\/2019\/06\/blog.jpg\" class=\"vcex-galleryslider-entry-img wpex-lightbox-group-item\"><img width=\"1900\" height=\"1268\" src=\"https:\/\/www.bluemacmachines.com\/wp-content\/uploads\/2019\/06\/blog.jpg\" class=\"skip-lazy\" alt=\"\" data-no-lazy=\"1\" srcset=\"https:\/\/www.bluemacmachines.com\/wp-content\/uploads\/2019\/06\/blog.jpg 1900w, https:\/\/www.bluemacmachines.com\/wp-content\/uploads\/2019\/06\/blog-150x100.jpg 150w, https:\/\/www.bluemacmachines.com\/wp-content\/uploads\/2019\/06\/blog-300x200.jpg 300w, https:\/\/www.bluemacmachines.com\/wp-content\/uploads\/2019\/06\/blog-768x513.jpg 768w, https:\/\/www.bluemacmachines.com\/wp-content\/uploads\/2019\/06\/blog-1024x683.jpg 1024w\" sizes=\"(max-width: 1900px) 100vw, 1900px\" \/><\/a><\/div><\/div><div class=\"wpex-slider-slide sp-slide\"><div class=\"wpex-slider-media\"><a href=\"https:\/\/www.bluemacmachines.com\/wp-content\/uploads\/2019\/06\/image002.jpg\" class=\"vcex-galleryslider-entry-img wpex-lightbox-group-item\"><img width=\"1280\" height=\"854\" src=\"https:\/\/www.bluemacmachines.com\/wp-content\/uploads\/2019\/06\/image002.jpg\" class=\"skip-lazy\" alt=\"\" data-no-lazy=\"1\" srcset=\"https:\/\/www.bluemacmachines.com\/wp-content\/uploads\/2019\/06\/image002.jpg 1280w, https:\/\/www.bluemacmachines.com\/wp-content\/uploads\/2019\/06\/image002-150x100.jpg 150w, https:\/\/www.bluemacmachines.com\/wp-content\/uploads\/2019\/06\/image002-300x200.jpg 300w, https:\/\/www.bluemacmachines.com\/wp-content\/uploads\/2019\/06\/image002-768x512.jpg 768w, https:\/\/www.bluemacmachines.com\/wp-content\/uploads\/2019\/06\/image002-1024x683.jpg 1024w\" sizes=\"(max-width: 1280px) 100vw, 1280px\" \/><\/a><\/div><\/div><\/div><div class=\"wpex-slider-thumbnails sp-nc-thumbnails wpex-grid wpex-grid-cols-5\"><img width=\"1900\" height=\"1268\" src=\"https:\/\/www.bluemacmachines.com\/wp-content\/uploads\/2019\/06\/maquina-corte-blue-machine.jpg\" class=\"wpex-slider-thumbnail wpex-block wpex-w-100 sp-nc-thumbnail skip-lazy\" alt=\"\" data-no-lazy=\"1\" srcset=\"https:\/\/www.bluemacmachines.com\/wp-content\/uploads\/2019\/06\/maquina-corte-blue-machine.jpg 1900w, https:\/\/www.bluemacmachines.com\/wp-content\/uploads\/2019\/06\/maquina-corte-blue-machine-150x100.jpg 150w, https:\/\/www.bluemacmachines.com\/wp-content\/uploads\/2019\/06\/maquina-corte-blue-machine-300x200.jpg 300w, https:\/\/www.bluemacmachines.com\/wp-content\/uploads\/2019\/06\/maquina-corte-blue-machine-768x513.jpg 768w, https:\/\/www.bluemacmachines.com\/wp-content\/uploads\/2019\/06\/maquina-corte-blue-machine-1024x683.jpg 1024w\" sizes=\"(max-width: 1900px) 100vw, 1900px\" \/><img width=\"1900\" height=\"1268\" src=\"https:\/\/www.bluemacmachines.com\/wp-content\/uploads\/2019\/06\/image012m.jpg\" class=\"wpex-slider-thumbnail wpex-block wpex-w-100 sp-nc-thumbnail skip-lazy\" alt=\"\" data-no-lazy=\"1\" srcset=\"https:\/\/www.bluemacmachines.com\/wp-content\/uploads\/2019\/06\/image012m.jpg 1900w, https:\/\/www.bluemacmachines.com\/wp-content\/uploads\/2019\/06\/image012m-150x100.jpg 150w, https:\/\/www.bluemacmachines.com\/wp-content\/uploads\/2019\/06\/image012m-300x200.jpg 300w, https:\/\/www.bluemacmachines.com\/wp-content\/uploads\/2019\/06\/image012m-768x513.jpg 768w, https:\/\/www.bluemacmachines.com\/wp-content\/uploads\/2019\/06\/image012m-1024x683.jpg 1024w\" sizes=\"(max-width: 1900px) 100vw, 1900px\" \/><img width=\"1280\" height=\"854\" src=\"https:\/\/www.bluemacmachines.com\/wp-content\/uploads\/2019\/06\/image007.jpg\" class=\"wpex-slider-thumbnail wpex-block wpex-w-100 sp-nc-thumbnail skip-lazy\" alt=\"\" data-no-lazy=\"1\" srcset=\"https:\/\/www.bluemacmachines.com\/wp-content\/uploads\/2019\/06\/image007.jpg 1280w, https:\/\/www.bluemacmachines.com\/wp-content\/uploads\/2019\/06\/image007-150x100.jpg 150w, https:\/\/www.bluemacmachines.com\/wp-content\/uploads\/2019\/06\/image007-300x200.jpg 300w, https:\/\/www.bluemacmachines.com\/wp-content\/uploads\/2019\/06\/image007-768x512.jpg 768w, https:\/\/www.bluemacmachines.com\/wp-content\/uploads\/2019\/06\/image007-1024x683.jpg 1024w\" sizes=\"(max-width: 1280px) 100vw, 1280px\" \/><img width=\"1900\" height=\"1268\" src=\"https:\/\/www.bluemacmachines.com\/wp-content\/uploads\/2019\/06\/blog.jpg\" class=\"wpex-slider-thumbnail wpex-block wpex-w-100 sp-nc-thumbnail skip-lazy\" alt=\"\" data-no-lazy=\"1\" srcset=\"https:\/\/www.bluemacmachines.com\/wp-content\/uploads\/2019\/06\/blog.jpg 1900w, https:\/\/www.bluemacmachines.com\/wp-content\/uploads\/2019\/06\/blog-150x100.jpg 150w, https:\/\/www.bluemacmachines.com\/wp-content\/uploads\/2019\/06\/blog-300x200.jpg 300w, https:\/\/www.bluemacmachines.com\/wp-content\/uploads\/2019\/06\/blog-768x513.jpg 768w, https:\/\/www.bluemacmachines.com\/wp-content\/uploads\/2019\/06\/blog-1024x683.jpg 1024w\" sizes=\"(max-width: 1900px) 100vw, 1900px\" \/><img width=\"1280\" height=\"854\" src=\"https:\/\/www.bluemacmachines.com\/wp-content\/uploads\/2019\/06\/image002.jpg\" class=\"wpex-slider-thumbnail wpex-block wpex-w-100 sp-nc-thumbnail skip-lazy\" alt=\"\" data-no-lazy=\"1\" srcset=\"https:\/\/www.bluemacmachines.com\/wp-content\/uploads\/2019\/06\/image002.jpg 1280w, https:\/\/www.bluemacmachines.com\/wp-content\/uploads\/2019\/06\/image002-150x100.jpg 150w, https:\/\/www.bluemacmachines.com\/wp-content\/uploads\/2019\/06\/image002-300x200.jpg 300w, https:\/\/www.bluemacmachines.com\/wp-content\/uploads\/2019\/06\/image002-768x512.jpg 768w, https:\/\/www.bluemacmachines.com\/wp-content\/uploads\/2019\/06\/image002-1024x683.jpg 1024w\" sizes=\"(max-width: 1280px) 100vw, 1280px\" \/><\/div><\/div>[vc_empty_space][vc_separator color=\u00bbcustom\u00bb el_width=\u00bb20&#8243; css=\u00bb.vc_custom_1560766233971{margin-top: 15px !important;margin-bottom: 15px !important;}\u00bb accent_color=\u00bb#5b5b5b\u00bb]<style>.vcex-heading.vcex_69e114812f763{color:#ededed;font-size:14px;}<\/style><div class=\"vcex-heading vcex-heading-plain vcex-module wpex-heading wpex-text-2xl wpex-text-center vcex_69e114812f763\"><span class=\"vcex-heading-inner wpex-inline-block\">PEDIR INFORMACI\u00d3N SOBRE MESA SERMATIC CNC DE CORTE POR PLASMA<\/span><\/div>[vc_empty_space]\n<div class=\"wpcf7 no-js\" id=\"wpcf7-f160-o1\" lang=\"es-ES\" dir=\"ltr\" data-wpcf7-id=\"160\">\n<div class=\"screen-reader-response\"><p role=\"status\" aria-live=\"polite\" aria-atomic=\"true\"><\/p> <ul><\/ul><\/div>\n<form action=\"\/index.php\/wp-json\/wp\/v2\/pages\/88#wpcf7-f160-o1\" method=\"post\" class=\"wpcf7-form init wpcf7-acceptance-as-validation\" aria-label=\"Formulario de contacto\" novalidate=\"novalidate\" data-status=\"init\">\n<fieldset class=\"hidden-fields-container\"><input type=\"hidden\" name=\"_wpcf7\" value=\"160\" \/><input type=\"hidden\" name=\"_wpcf7_version\" value=\"6.1.5\" \/><input type=\"hidden\" name=\"_wpcf7_locale\" value=\"es_ES\" \/><input type=\"hidden\" name=\"_wpcf7_unit_tag\" value=\"wpcf7-f160-o1\" \/><input type=\"hidden\" name=\"_wpcf7_container_post\" value=\"0\" \/><input type=\"hidden\" name=\"_wpcf7_posted_data_hash\" value=\"\" \/><input type=\"hidden\" name=\"_wpcf7_recaptcha_response\" value=\"\" \/>\n<\/fieldset>\n<p><label> Nombre (obligatorio)<br \/>\n<span class=\"wpcf7-form-control-wrap\" data-name=\"your-name\"><input size=\"40\" maxlength=\"400\" class=\"wpcf7-form-control wpcf7-text wpcf7-validates-as-required\" aria-required=\"true\" aria-invalid=\"false\" value=\"\" type=\"text\" name=\"your-name\" \/><\/span> <\/label>\n<\/p>\n<p><label> Correo electr\u00f3nico (obligatorio)<br \/>\n<span class=\"wpcf7-form-control-wrap\" data-name=\"your-email\"><input size=\"40\" maxlength=\"400\" class=\"wpcf7-form-control wpcf7-email wpcf7-validates-as-required wpcf7-text wpcf7-validates-as-email\" aria-required=\"true\" aria-invalid=\"false\" value=\"\" type=\"email\" name=\"your-email\" \/><\/span> <\/label>\n<\/p>\n<p><label> Asunto<br \/>\n<span class=\"wpcf7-form-control-wrap\" data-name=\"your-subject\"><input size=\"40\" maxlength=\"400\" class=\"wpcf7-form-control wpcf7-text\" aria-invalid=\"false\" value=\"\" type=\"text\" name=\"your-subject\" \/><\/span> <\/label>\n<\/p>\n<p><label> Mensaje<br \/>\n<span class=\"wpcf7-form-control-wrap\" data-name=\"your-message\"><textarea cols=\"40\" rows=\"10\" maxlength=\"2000\" class=\"wpcf7-form-control wpcf7-textarea\" aria-invalid=\"false\" name=\"your-message\"><\/textarea><\/span> <\/label>\n<\/p>\n<p><span class=\"wpcf7-form-control-wrap\" data-name=\"acceptance-627\"><span class=\"wpcf7-form-control wpcf7-acceptance\"><span class=\"wpcf7-list-item\"><label><input type=\"checkbox\" name=\"acceptance-627\" value=\"1\" aria-invalid=\"false\" \/><span class=\"wpcf7-list-item-label\"><span style=\"font-weight:bold;\">Entiendo y acepto la<\/span> <a rel=\"nofollow\" target=\"_blank\" href=\"https:\/\/www.bluemacmachines.com\/index.php\/politica-de-privacidad\/\">Pol\u00edtica de Privacidad<\/a>.<\/span><\/label><\/span><\/span><\/span>\n<\/p>\n<p><input class=\"wpcf7-form-control wpcf7-submit has-spinner\" type=\"submit\" value=\"Enviar\" \/>\n<\/p><div class=\"wpcf7-response-output\" aria-hidden=\"true\"><\/div>\n<\/form>\n<\/div>\n[\/vc_column][vc_column width=\u00bb1\/2&#8243;]<style>.vcex-heading.vcex_69e11481306de{color:#ededed;font-size:22px;}<\/style><div class=\"vcex-heading vcex-heading-plain vcex-module wpex-heading wpex-text-2xl wpex-text-left vcex_69e11481306de\"><span class=\"vcex-heading-inner wpex-inline-block\">Blue Mac Machines<\/span><\/div>[vc_separator color=\u00bbcustom\u00bb align=\u00bbalign_left\u00bb el_width=\u00bb20&#8243; css=\u00bb.vc_custom_1561011451019{margin-top: 15px !important;margin-bottom: 15px !important;}\u00bb accent_color=\u00bb#5b5b5b\u00bb]<style>.vcex-heading.vcex_69e1148130b04{color:#3f90bd;font-size:14px;}<\/style><div class=\"vcex-heading vcex-heading-plain vcex-module wpex-heading wpex-text-2xl wpex-text-left vcex_69e1148130b04\"><span class=\"vcex-heading-inner wpex-inline-block\">DESCRIPCI\u00d3N MESA SERMATIC CNC DE CORTE POR PLASMA<\/span><\/div>[vc_empty_space][vc_column_text color=\u00bb#eaeaea\u00bb]La mesa CNC de corte SERMATIC ha sido dise\u00f1ada para cubrir las necesidades de corte que surgen en la industria de calderer\u00eda ligera, metalister\u00eda, cerrajer\u00eda, rotulaci\u00f3n, ventilaci\u00f3n industrial, etc&#8230;<\/p>\n<p>Alta precisi\u00f3n en movimientos y desplazamientos de los 3 ejes, gracias a la alta calidad de las gu\u00edas prism\u00e1ticas y de los 4 servomotores instalados.<\/p>\n<p>Completa de software para el corte por chorro de plasma: nesting autom\u00e1tico, reutilizaci\u00f3n de retales chapa sobrantes de trabajos anteriores, etc\u2026[\/vc_column_text][vc_empty_space][vc_separator color=\u00bbcustom\u00bb align=\u00bbalign_left\u00bb el_width=\u00bb20&#8243; css=\u00bb.vc_custom_1561011477987{margin-top: 15px !important;margin-bottom: 15px !important;}\u00bb accent_color=\u00bb#5b5b5b\u00bb]<style>.vcex-heading.vcex_69e1148130ee2{color:#3f90bd;font-size:14px;}<\/style><div class=\"vcex-heading vcex-heading-plain vcex-module wpex-heading wpex-text-2xl wpex-text-left vcex_69e1148130ee2\"><span class=\"vcex-heading-inner wpex-inline-block\">PRINCIPALES CARACTERISTICAS TECNICAS MESA SERMATIC CNC DE CORTE POR PLASMA<\/span><\/div>[vc_empty_space][vc_column_text color=\u00bb#eaeaea\u00bb]Corte \u00fatil mesa mod: Three 3000x1500mm<br \/>\nPrecisi\u00f3n repetitiva: 0.1mm<br \/>\nMotion: 4 Server motors DC<br \/>\nControl: CNC (computer numeric comtrol)<br \/>\nControl altura corte: THC capacitivo<br \/>\nSoftware CAM: MAcut<br \/>\nAlimentaci\u00f3n: 220V. 1Ph. 50\/60Hz<br \/>\nDimensiones: 3400 x 1920 x H 1650mm<\/p>\n<p>La maquinaria dise\u00f1ada y fabricada por Blue Mac Machines cumple con las exigencias y normas de seguridad de la Union Europea.[\/vc_column_text][vc_empty_space][vc_separator color=\u00bbcustom\u00bb el_width=\u00bb20&#8243; css=\u00bb.vc_custom_1560766277603{margin-top: 15px !important;margin-bottom: 15px !important;}\u00bb accent_color=\u00bb#5b5b5b\u00bb][vc_empty_space height=\u00bb13px\u00bb]<div class=\"theme-button-wrap textcenter wpex-clr\"><a href=\"https:\/\/www.bluemacmachines.com\/wp-content\/uploads\/2020\/06\/Mesa-CNC-plasma-Blue-Mac-Machines.pdf\" class=\"vcex-button theme-button minimal-border blue large align-center inline hvr hvr-grow-shadow  wpb_animate_when_almost_visible wpb_fadeInLeft fadeInLeft\" target=\"_blank\" download rel=\"noopener noreferrer\"><span class=\"vcex-button-inner theme-button-inner wpex-flex wpex-flex-wrap wpex-items-center wpex-justify-center\"><span class=\"vcex-button-icon vcex-icon-wrap theme-button-icon-left\"><span class=\"wpex-icon\" aria-hidden=\"true\"><svg xmlns=\"http:\/\/www.w3.org\/2000\/svg\" viewBox=\"0 0 512 512\"><path d=\"M64 464l48 0 0 48-48 0c-35.3 0-64-28.7-64-64L0 64C0 28.7 28.7 0 64 0L229.5 0c17 0 33.3 6.7 45.3 18.7l90.5 90.5c12 12 18.7 28.3 18.7 45.3L384 304l-48 0 0-144-80 0c-17.7 0-32-14.3-32-32l0-80L64 48c-8.8 0-16 7.2-16 16l0 384c0 8.8 7.2 16 16 16zM176 352l32 0c30.9 0 56 25.1 56 56s-25.1 56-56 56l-16 0 0 32c0 8.8-7.2 16-16 16s-16-7.2-16-16l0-48 0-80c0-8.8 7.2-16 16-16zm32 80c13.3 0 24-10.7 24-24s-10.7-24-24-24l-16 0 0 48 16 0zm96-80l32 0c26.5 0 48 21.5 48 48l0 64c0 26.5-21.5 48-48 48l-32 0c-8.8 0-16-7.2-16-16l0-128c0-8.8 7.2-16 16-16zm32 128c8.8 0 16-7.2 16-16l0-64c0-8.8-7.2-16-16-16l-16 0 0 96 16 0zm80-112c0-8.8 7.2-16 16-16l48 0c8.8 0 16 7.2 16 16s-7.2 16-16 16l-32 0 0 32 32 0c8.8 0 16 7.2 16 16s-7.2 16-16 16l-32 0 0 48c0 8.8-7.2 16-16 16s-16-7.2-16-16l0-64 0-64z\"\/><\/svg><\/span><\/span>Descarga ficha<\/span><\/a><\/div> [\/vc_column][\/vc_row]\n<\/div>","protected":false},"excerpt":{"rendered":"<p>[vc_row gap=\u00bb25&#8243;][vc_column width=\u00bb1\/2&#8243;][vc_empty_space][vc_separator color=\u00bbcustom\u00bb el_width=\u00bb20&#8243; css=\u00bb.vc_custom_1560766233971{margin-top: 15px !important;margin-bottom: 15px !important;}\u00bb accent_color=\u00bb#5b5b5b\u00bb][vc_empty_space][\/vc_column][vc_column width=\u00bb1\/2&#8243;][vc_separator color=\u00bbcustom\u00bb align=\u00bbalign_left\u00bb el_width=\u00bb20&#8243; css=\u00bb.vc_custom_1561011451019{margin-top: 15px !important;margin-bottom: 15px !important;}\u00bb accent_color=\u00bb#5b5b5b\u00bb][vc_empty_space][vc_column_text color=\u00bb#eaeaea\u00bb]La mesa CNC de corte SERMATIC ha sido dise\u00f1ada para cubrir las necesidades de corte que surgen en la industria de calderer\u00eda ligera, metalister\u00eda, cerrajer\u00eda, rotulaci\u00f3n, ventilaci\u00f3n industrial, etc&#8230; Alta precisi\u00f3n en movimientos y&hellip;<\/p>\n","protected":false},"author":1,"featured_media":0,"parent":38,"menu_order":0,"comment_status":"closed","ping_status":"closed","template":"","meta":{"footnotes":""},"class_list":["post-88","page","type-page","status-publish","hentry","entry","no-media"],"_links":{"self":[{"href":"https:\/\/www.bluemacmachines.com\/index.php\/wp-json\/wp\/v2\/pages\/88","targetHints":{"allow":["GET"]}}],"collection":[{"href":"https:\/\/www.bluemacmachines.com\/index.php\/wp-json\/wp\/v2\/pages"}],"about":[{"href":"https:\/\/www.bluemacmachines.com\/index.php\/wp-json\/wp\/v2\/types\/page"}],"author":[{"embeddable":true,"href":"https:\/\/www.bluemacmachines.com\/index.php\/wp-json\/wp\/v2\/users\/1"}],"replies":[{"embeddable":true,"href":"https:\/\/www.bluemacmachines.com\/index.php\/wp-json\/wp\/v2\/comments?post=88"}],"version-history":[{"count":14,"href":"https:\/\/www.bluemacmachines.com\/index.php\/wp-json\/wp\/v2\/pages\/88\/revisions"}],"predecessor-version":[{"id":207,"href":"https:\/\/www.bluemacmachines.com\/index.php\/wp-json\/wp\/v2\/pages\/88\/revisions\/207"}],"up":[{"embeddable":true,"href":"https:\/\/www.bluemacmachines.com\/index.php\/wp-json\/wp\/v2\/pages\/38"}],"wp:attachment":[{"href":"https:\/\/www.bluemacmachines.com\/index.php\/wp-json\/wp\/v2\/media?parent=88"}],"curies":[{"name":"wp","href":"https:\/\/api.w.org\/{rel}","templated":true}]}}