{"id":25,"date":"2019-06-12T08:32:54","date_gmt":"2019-06-12T08:32:54","guid":{"rendered":"http:\/\/www.bluemacmachines.com\/?page_id=25"},"modified":"2021-06-16T06:09:55","modified_gmt":"2021-06-16T06:09:55","slug":"la-empresa","status":"publish","type":"page","link":"https:\/\/www.bluemacmachines.com\/index.php\/la-empresa\/","title":{"rendered":"La empresa"},"content":{"rendered":"<div class=\"wpb-content-wrapper\">[vc_row][vc_column width=\u00bb1\/4&#8243;][vc_single_image image=\u00bb26&#8243; style=\u00bbvc_box_border_circle_2&#8243;][\/vc_column][vc_column width=\u00bb3\/4&#8243;][vc_column_text color=\u00bb#eaeaea\u00bb]Somos fabricantes de mesas CNC para corte con plasma, dise\u00f1adas especialmente para la industria de la cerrajer\u00eda, metalister\u00eda, extracci\u00f3n\u00a0 y\u00a0 ventilaci\u00f3n\u00a0 industrial, Rotulaci\u00f3n, etc.<\/p>\n<p>Tecnolog\u00eda a su alcance, hemos dise\u00f1ado nuestras mesas con el prop\u00f3sito de llegar a peque\u00f1as y medianas empresas de diversos sectores.<\/p>\n<p><strong>M\u00cdNIMA INVERSI\u00d3N PARA OBTENER UN M\u00c1XIMO RENDIMIENTO<\/strong><\/p>\n<p>P\u00f3ngase en contacto, para cualquier pregunta o aclaraci\u00f3n, ll\u00e1menos sin compromiso, alguno.<\/p>\n<p>Joan Alemany<\/p>\n<p>Dpto. Ingenier\u00eda y desarrollo.[\/vc_column_text][\/vc_column][\/vc_row]\n<\/div>","protected":false},"excerpt":{"rendered":"<p>[vc_row][vc_column width=\u00bb1\/4&#8243;][vc_single_image image=\u00bb26&#8243; style=\u00bbvc_box_border_circle_2&#8243;][\/vc_column][vc_column width=\u00bb3\/4&#8243;][vc_column_text color=\u00bb#eaeaea\u00bb]Somos fabricantes de mesas CNC para corte con plasma, dise\u00f1adas especialmente para la industria de la cerrajer\u00eda, metalister\u00eda, extracci\u00f3n\u00a0 y\u00a0 ventilaci\u00f3n\u00a0 industrial, Rotulaci\u00f3n, etc. Tecnolog\u00eda a su alcance, hemos dise\u00f1ado nuestras mesas con el prop\u00f3sito de llegar a peque\u00f1as y medianas empresas de diversos sectores. M\u00cdNIMA INVERSI\u00d3N PARA OBTENER UN&hellip;<\/p>\n","protected":false},"author":1,"featured_media":0,"parent":0,"menu_order":0,"comment_status":"closed","ping_status":"closed","template":"","meta":{"footnotes":""},"class_list":["post-25","page","type-page","status-publish","hentry","entry","no-media"],"_links":{"self":[{"href":"https:\/\/www.bluemacmachines.com\/index.php\/wp-json\/wp\/v2\/pages\/25","targetHints":{"allow":["GET"]}}],"collection":[{"href":"https:\/\/www.bluemacmachines.com\/index.php\/wp-json\/wp\/v2\/pages"}],"about":[{"href":"https:\/\/www.bluemacmachines.com\/index.php\/wp-json\/wp\/v2\/types\/page"}],"author":[{"embeddable":true,"href":"https:\/\/www.bluemacmachines.com\/index.php\/wp-json\/wp\/v2\/users\/1"}],"replies":[{"embeddable":true,"href":"https:\/\/www.bluemacmachines.com\/index.php\/wp-json\/wp\/v2\/comments?post=25"}],"version-history":[{"count":5,"href":"https:\/\/www.bluemacmachines.com\/index.php\/wp-json\/wp\/v2\/pages\/25\/revisions"}],"predecessor-version":[{"id":204,"href":"https:\/\/www.bluemacmachines.com\/index.php\/wp-json\/wp\/v2\/pages\/25\/revisions\/204"}],"wp:attachment":[{"href":"https:\/\/www.bluemacmachines.com\/index.php\/wp-json\/wp\/v2\/media?parent=25"}],"curies":[{"name":"wp","href":"https:\/\/api.w.org\/{rel}","templated":true}]}}