{"id":184,"date":"2020-11-09T07:40:19","date_gmt":"2020-11-09T07:40:19","guid":{"rendered":"https:\/\/www.bluemacmachines.com\/?page_id=184"},"modified":"2020-11-09T07:46:51","modified_gmt":"2020-11-09T07:46:51","slug":"politica-de-privacidad","status":"publish","type":"page","link":"https:\/\/www.bluemacmachines.com\/index.php\/politica-de-privacidad\/","title":{"rendered":"Pol\u00edtica de privacidad"},"content":{"rendered":"<p>&nbsp;<\/p>\n<p>A efectos de lo previsto en Reglamento General de Protecci\u00f3n de Datos (RGPD):<\/p>\n<p>C\/ Can Calafat, 48\u00a0 L-13<br \/>\nPol. Industrial Son Oms<br \/>\n07199 \u2013 PALMA<br \/>\nMallorca \u2013 Illes Balears<br \/>\nEspa\u00f1a<\/p>\n<p><span style=\"font-size: 28px;\">Env\u00edo y Registro de Datos de Car\u00e1cter Personal<\/span><\/p>\n<p>El env\u00edo de datos de car\u00e1cter personal es obligatorio para contactar y recibir informaci\u00f3n sobre los servicios prestados por Blue Mac Machines No facilitar los datos personales solicitados o el no aceptar la presente pol\u00edtica de protecci\u00f3n de datos supone la imposibilidad de suscribirse, registrarse o recibir informaci\u00f3n de dichos servicios.<\/p>\n<p><span style=\"font-size: 28px;\">Exactitud y Veracidad de los Datos<\/span><\/p>\n<p>El Usuario que env\u00eda la informaci\u00f3n a Blue Mac Machines es el \u00fanico responsable de la veracidad y correcci\u00f3n de los datos incluidos, exoner\u00e1ndose Blue Mac Machines de cualquier responsabilidad al respecto.<\/p>\n<p>Los usuarios garantizan y responden, en cualquier caso, de la exactitud, vigencia y autenticidad de los datos personales facilitados, y se comprometen a mantenerlos debidamente actualizados<\/p>\n<p>El usuario acepta proporcionar informaci\u00f3n completa y correcta en el formulario de registro o suscripci\u00f3n.<\/p>\n<p>Blue Mac Machines no responde de la veracidad de las informaciones que no sean de elaboraci\u00f3n propia y de las que se indique otra fuente, por lo que tampoco asume responsabilidad alguna en cuanto a hipot\u00e9ticos perjuicios que pudieran originarse por el uso de dicha informaci\u00f3n. Se exonera a Blue Mac Machines de responsabilidad ante cualquier da\u00f1o o perjuicio que pudiera sufrir el Usuario como consecuencia de errores, defectos u omisiones, en la informaci\u00f3n siempre que proceda de fuentes ajenas a Blue Mac Machines.<\/p>\n<p>Blue Mac Machines no garantiza la disponibilidad permanente de los servicios, quedando exonerado por cualquier tipo de responsabilidad por posibles da\u00f1os y perjuicios causados debido a la indisponibilidad del servicio por causas de fuerza mayor o errores en las redes telem\u00e1ticas de transferencia de datos, ajenos a su voluntad.<\/p>\n<p><span style=\"font-size: 28px;\">Cesi\u00f3n de Datos<\/span><\/p>\n<p>Blue Mac Machines no ceder\u00e1 los datos personales a terceros. No obstante, en el caso de ser cedidos a alg\u00fan tercero se producir\u00eda una informaci\u00f3n previa solicitando el consentimiento expreso del afectado en virtud del RGPD.<\/p>\n<p><span style=\"font-size: 28px;\">Ejercicio de Derechos<\/span><\/p>\n<p>Podr\u00e1 dirigir sus comunicaciones y ejercitar los derechos de acceso, rectificaci\u00f3n, cancelaci\u00f3n y oposici\u00f3n as\u00ed como, en base al Reglamento europeo, de supresi\u00f3n, limitaci\u00f3n de uso y portabilidad a trav\u00e9s de correo postal a Blue Mac Machines\u00a0 en C\/ Can Calafat, 48\u00a0 L-13 Pol. Industrial Son Oms 07199 \u2013 PALMA Mallorca \u2013 Illes &#8211; Balears &#8211; Espa\u00f1a, o al correo electr\u00f3nico: info@bluemacmachines.com con prueba v\u00e1lida en derecho, como fotocopia del D.N.I. e indicando en el asunto \u201cPROTECCI\u00d3N DE DATOS\u201d.<\/p>\n<p>Mediante la aceptaci\u00f3n de esta pol\u00edtica el usuario consiente la utilizaci\u00f3n de sus datos personales por parte de Blue Mac Machines para comunicaciones de car\u00e1cter comercial pudiendo ejercer sus derechos\u00a0 de la forma anteriormente indicada.<\/p>\n<p>El usuario acepta que todos sus datos de car\u00e1cter personal sean \u00edntegramente cedidos a Aplazarse desde el momento en que el usuario haya iniciado la contrataci\u00f3n del servicio de pago aplazado ofrecido por \u00e9sta \u00faltima en el momento de elegir la forma de pago.<\/p>\n<p>Esta aceptaci\u00f3n se extiende a terceras entidades que tuvieran que acceder a los ficheros para el buen fin del contrato.<\/p>\n<p><span style=\"font-size: 28px;\">Aceptaci\u00f3n y consentimiento<\/span><\/p>\n<p>El Usuario declara haber sido informado de las condiciones sobre protecci\u00f3n de datos de car\u00e1cter personal, aceptando y consintiendo el tratamiento de los mismos por parte de Blue Mac Machines en la forma y para las finalidades indicadas en la presente Pol\u00edtica de Protecci\u00f3n de Datos Personales.<\/p>\n<p><span style=\"font-size: 28px;\">Cambios en la Pol\u00edtica de Privacidad<\/span><\/p>\n<p>Blue Mac Machines se reserva el derecho a modificar la presente pol\u00edtica para adaptarla a novedades legislativas o jurisprudenciales, as\u00ed como a pr\u00e1cticas de la industria.<\/p>\n<p>En estos supuestos, Blue Mac Machines anunciar\u00e1 en esta p\u00e1gina los cambios introducidos con razonable antelaci\u00f3n a su puesta en pr\u00e1ctica.<\/p>\n<p>En el supuesto de error o falta en los precios de los productos, ya sea por fallo t\u00e9cnico o humano, Blue Mac Machines tendr\u00e1 la potestad de anular pedidos que hayan sido realizados con un precio que no corresponda al precio real.<\/p>\n","protected":false},"excerpt":{"rendered":"<p>&nbsp; A efectos de lo previsto en Reglamento General de Protecci\u00f3n de Datos (RGPD): C\/ Can Calafat, 48\u00a0 L-13 Pol. Industrial Son Oms 07199 \u2013 PALMA Mallorca \u2013 Illes Balears Espa\u00f1a Env\u00edo y Registro de Datos de Car\u00e1cter Personal El env\u00edo de datos de car\u00e1cter personal es obligatorio para contactar y recibir informaci\u00f3n sobre los&hellip;<\/p>\n","protected":false},"author":1,"featured_media":0,"parent":0,"menu_order":0,"comment_status":"closed","ping_status":"closed","template":"","meta":{"footnotes":""},"class_list":["post-184","page","type-page","status-publish","hentry","entry","no-media"],"_links":{"self":[{"href":"https:\/\/www.bluemacmachines.com\/index.php\/wp-json\/wp\/v2\/pages\/184","targetHints":{"allow":["GET"]}}],"collection":[{"href":"https:\/\/www.bluemacmachines.com\/index.php\/wp-json\/wp\/v2\/pages"}],"about":[{"href":"https:\/\/www.bluemacmachines.com\/index.php\/wp-json\/wp\/v2\/types\/page"}],"author":[{"embeddable":true,"href":"https:\/\/www.bluemacmachines.com\/index.php\/wp-json\/wp\/v2\/users\/1"}],"replies":[{"embeddable":true,"href":"https:\/\/www.bluemacmachines.com\/index.php\/wp-json\/wp\/v2\/comments?post=184"}],"version-history":[{"count":8,"href":"https:\/\/www.bluemacmachines.com\/index.php\/wp-json\/wp\/v2\/pages\/184\/revisions"}],"predecessor-version":[{"id":192,"href":"https:\/\/www.bluemacmachines.com\/index.php\/wp-json\/wp\/v2\/pages\/184\/revisions\/192"}],"wp:attachment":[{"href":"https:\/\/www.bluemacmachines.com\/index.php\/wp-json\/wp\/v2\/media?parent=184"}],"curies":[{"name":"wp","href":"https:\/\/api.w.org\/{rel}","templated":true}]}}