{"id":135,"date":"2020-06-10T06:07:32","date_gmt":"2020-06-10T06:07:32","guid":{"rendered":"https:\/\/www.bluemacmachines.com\/?page_id=135"},"modified":"2021-06-16T06:13:02","modified_gmt":"2021-06-16T06:13:02","slug":"software-diseno-trabajos-y-nesting-macut","status":"publish","type":"page","link":"https:\/\/www.bluemacmachines.com\/index.php\/nuestro-productos\/software-diseno-trabajos-y-nesting-macut\/","title":{"rendered":"Software dise\u00f1o trabajos y nesting  MAcut."},"content":{"rendered":"<div class=\"wpb-content-wrapper\">[vc_row gap=\u00bb25&#8243;][vc_column width=\u00bb1\/2&#8243;]<div class=\"vcex-image-gallery-slider-css-wrap vc_custom_1591889391991\"><div class=\"wpex-slider-preloaderimg \"><img width=\"683\" height=\"384\" src=\"https:\/\/www.bluemacmachines.com\/wp-content\/uploads\/2020\/06\/fotos-MACut-2.jpg\" class=\"skip-lazy\" alt=\"\" data-no-lazy=\"1\" srcset=\"https:\/\/www.bluemacmachines.com\/wp-content\/uploads\/2020\/06\/fotos-MACut-2.jpg 683w, https:\/\/www.bluemacmachines.com\/wp-content\/uploads\/2020\/06\/fotos-MACut-2-300x169.jpg 300w\" sizes=\"(max-width: 683px) 100vw, 683px\" \/><\/div><div class=\"vcex-module wpex-slider slider-pro no-margin-thumbnails vcex-image-gallery-slider wpex-lightbox-group\" data-thumbnails=\"true\" data-thumbnail-height=\"auto\" data-auto-play-delay=\"5000\" data-animation-speed=\"600\" data-height-animation-duration=\"500\" data-show_title=\"false\"><div class=\"wpex-slider-slides sp-slides\"><div class=\"wpex-slider-slide sp-slide\"><div class=\"wpex-slider-media\"><a href=\"https:\/\/www.bluemacmachines.com\/wp-content\/uploads\/2020\/06\/fotos-MACut-2.jpg\" class=\"vcex-galleryslider-entry-img wpex-lightbox-group-item\"><img width=\"683\" height=\"384\" src=\"https:\/\/www.bluemacmachines.com\/wp-content\/uploads\/2020\/06\/fotos-MACut-2.jpg\" class=\"skip-lazy\" alt=\"\" data-no-lazy=\"1\" srcset=\"https:\/\/www.bluemacmachines.com\/wp-content\/uploads\/2020\/06\/fotos-MACut-2.jpg 683w, https:\/\/www.bluemacmachines.com\/wp-content\/uploads\/2020\/06\/fotos-MACut-2-300x169.jpg 300w\" sizes=\"(max-width: 683px) 100vw, 683px\" \/><\/a><\/div><\/div><div class=\"wpex-slider-slide sp-slide\"><div class=\"wpex-slider-media\"><a href=\"https:\/\/www.bluemacmachines.com\/wp-content\/uploads\/2020\/06\/Fotos-Macut-1-jpg.jpg\" class=\"vcex-galleryslider-entry-img wpex-lightbox-group-item\"><img width=\"1366\" height=\"768\" src=\"https:\/\/www.bluemacmachines.com\/wp-content\/uploads\/2020\/06\/Fotos-Macut-1-jpg.jpg\" class=\"skip-lazy\" alt=\"\" data-no-lazy=\"1\" srcset=\"https:\/\/www.bluemacmachines.com\/wp-content\/uploads\/2020\/06\/Fotos-Macut-1-jpg.jpg 1366w, https:\/\/www.bluemacmachines.com\/wp-content\/uploads\/2020\/06\/Fotos-Macut-1-jpg-300x169.jpg 300w, https:\/\/www.bluemacmachines.com\/wp-content\/uploads\/2020\/06\/Fotos-Macut-1-jpg-1024x576.jpg 1024w, https:\/\/www.bluemacmachines.com\/wp-content\/uploads\/2020\/06\/Fotos-Macut-1-jpg-768x432.jpg 768w\" sizes=\"(max-width: 1366px) 100vw, 1366px\" \/><\/a><\/div><\/div><div class=\"wpex-slider-slide sp-slide\"><div class=\"wpex-slider-media\"><a href=\"https:\/\/www.bluemacmachines.com\/wp-content\/uploads\/2020\/06\/fotos-MACut-2.png\" class=\"vcex-galleryslider-entry-img wpex-lightbox-group-item\"><img width=\"1366\" height=\"768\" src=\"https:\/\/www.bluemacmachines.com\/wp-content\/uploads\/2020\/06\/fotos-MACut-2.png\" class=\"skip-lazy\" alt=\"\" data-no-lazy=\"1\" srcset=\"https:\/\/www.bluemacmachines.com\/wp-content\/uploads\/2020\/06\/fotos-MACut-2.png 1366w, https:\/\/www.bluemacmachines.com\/wp-content\/uploads\/2020\/06\/fotos-MACut-2-300x169.png 300w, https:\/\/www.bluemacmachines.com\/wp-content\/uploads\/2020\/06\/fotos-MACut-2-1024x576.png 1024w, https:\/\/www.bluemacmachines.com\/wp-content\/uploads\/2020\/06\/fotos-MACut-2-768x432.png 768w\" sizes=\"(max-width: 1366px) 100vw, 1366px\" \/><\/a><\/div><\/div><div class=\"wpex-slider-slide sp-slide\"><div class=\"wpex-slider-media\"><a href=\"https:\/\/www.bluemacmachines.com\/wp-content\/uploads\/2020\/06\/Fotos-Macut.png\" class=\"vcex-galleryslider-entry-img wpex-lightbox-group-item\"><img width=\"1366\" height=\"768\" src=\"https:\/\/www.bluemacmachines.com\/wp-content\/uploads\/2020\/06\/Fotos-Macut.png\" class=\"skip-lazy\" alt=\"\" data-no-lazy=\"1\" srcset=\"https:\/\/www.bluemacmachines.com\/wp-content\/uploads\/2020\/06\/Fotos-Macut.png 1366w, https:\/\/www.bluemacmachines.com\/wp-content\/uploads\/2020\/06\/Fotos-Macut-300x169.png 300w, https:\/\/www.bluemacmachines.com\/wp-content\/uploads\/2020\/06\/Fotos-Macut-1024x576.png 1024w, https:\/\/www.bluemacmachines.com\/wp-content\/uploads\/2020\/06\/Fotos-Macut-768x432.png 768w\" sizes=\"(max-width: 1366px) 100vw, 1366px\" \/><\/a><\/div><\/div><\/div><div class=\"wpex-slider-thumbnails sp-nc-thumbnails wpex-grid wpex-grid-cols-4\"><img width=\"683\" height=\"384\" src=\"https:\/\/www.bluemacmachines.com\/wp-content\/uploads\/2020\/06\/fotos-MACut-2.jpg\" class=\"wpex-slider-thumbnail wpex-block wpex-w-100 sp-nc-thumbnail skip-lazy\" alt=\"\" data-no-lazy=\"1\" srcset=\"https:\/\/www.bluemacmachines.com\/wp-content\/uploads\/2020\/06\/fotos-MACut-2.jpg 683w, https:\/\/www.bluemacmachines.com\/wp-content\/uploads\/2020\/06\/fotos-MACut-2-300x169.jpg 300w\" sizes=\"(max-width: 683px) 100vw, 683px\" \/><img width=\"1366\" height=\"768\" src=\"https:\/\/www.bluemacmachines.com\/wp-content\/uploads\/2020\/06\/Fotos-Macut-1-jpg.jpg\" class=\"wpex-slider-thumbnail wpex-block wpex-w-100 sp-nc-thumbnail skip-lazy\" alt=\"\" data-no-lazy=\"1\" srcset=\"https:\/\/www.bluemacmachines.com\/wp-content\/uploads\/2020\/06\/Fotos-Macut-1-jpg.jpg 1366w, https:\/\/www.bluemacmachines.com\/wp-content\/uploads\/2020\/06\/Fotos-Macut-1-jpg-300x169.jpg 300w, https:\/\/www.bluemacmachines.com\/wp-content\/uploads\/2020\/06\/Fotos-Macut-1-jpg-1024x576.jpg 1024w, https:\/\/www.bluemacmachines.com\/wp-content\/uploads\/2020\/06\/Fotos-Macut-1-jpg-768x432.jpg 768w\" sizes=\"(max-width: 1366px) 100vw, 1366px\" \/><img width=\"1366\" height=\"768\" src=\"https:\/\/www.bluemacmachines.com\/wp-content\/uploads\/2020\/06\/fotos-MACut-2.png\" class=\"wpex-slider-thumbnail wpex-block wpex-w-100 sp-nc-thumbnail skip-lazy\" alt=\"\" data-no-lazy=\"1\" srcset=\"https:\/\/www.bluemacmachines.com\/wp-content\/uploads\/2020\/06\/fotos-MACut-2.png 1366w, https:\/\/www.bluemacmachines.com\/wp-content\/uploads\/2020\/06\/fotos-MACut-2-300x169.png 300w, https:\/\/www.bluemacmachines.com\/wp-content\/uploads\/2020\/06\/fotos-MACut-2-1024x576.png 1024w, https:\/\/www.bluemacmachines.com\/wp-content\/uploads\/2020\/06\/fotos-MACut-2-768x432.png 768w\" sizes=\"(max-width: 1366px) 100vw, 1366px\" \/><img width=\"1366\" height=\"768\" src=\"https:\/\/www.bluemacmachines.com\/wp-content\/uploads\/2020\/06\/Fotos-Macut.png\" class=\"wpex-slider-thumbnail wpex-block wpex-w-100 sp-nc-thumbnail skip-lazy\" alt=\"\" data-no-lazy=\"1\" srcset=\"https:\/\/www.bluemacmachines.com\/wp-content\/uploads\/2020\/06\/Fotos-Macut.png 1366w, https:\/\/www.bluemacmachines.com\/wp-content\/uploads\/2020\/06\/Fotos-Macut-300x169.png 300w, https:\/\/www.bluemacmachines.com\/wp-content\/uploads\/2020\/06\/Fotos-Macut-1024x576.png 1024w, https:\/\/www.bluemacmachines.com\/wp-content\/uploads\/2020\/06\/Fotos-Macut-768x432.png 768w\" sizes=\"(max-width: 1366px) 100vw, 1366px\" \/><\/div><\/div><\/div>[vc_empty_space][vc_separator color=\u00bbcustom\u00bb el_width=\u00bb20&#8243; css=\u00bb.vc_custom_1560766233971{margin-top: 15px !important;margin-bottom: 15px !important;}\u00bb accent_color=\u00bb#5b5b5b\u00bb]<style>.vcex-heading.vcex_69e12d6870b9a{color:#ededed;font-size:14px;}<\/style><div class=\"vcex-heading vcex-heading-plain vcex-module wpex-heading wpex-text-2xl wpex-text-center vcex_69e12d6870b9a\"><span class=\"vcex-heading-inner wpex-inline-block\">PEDIR INFORMACI\u00d3N SOBRE SOFTWARE DISE\u00d1O TRABAJOS Y NESTING MAcut<\/span><\/div>[vc_empty_space]\n<div class=\"wpcf7 no-js\" id=\"wpcf7-f160-o1\" lang=\"es-ES\" dir=\"ltr\" data-wpcf7-id=\"160\">\n<div class=\"screen-reader-response\"><p role=\"status\" aria-live=\"polite\" aria-atomic=\"true\"><\/p> <ul><\/ul><\/div>\n<form action=\"\/index.php\/wp-json\/wp\/v2\/pages\/135#wpcf7-f160-o1\" method=\"post\" class=\"wpcf7-form init wpcf7-acceptance-as-validation\" aria-label=\"Formulario de contacto\" novalidate=\"novalidate\" data-status=\"init\">\n<fieldset class=\"hidden-fields-container\"><input type=\"hidden\" name=\"_wpcf7\" value=\"160\" \/><input type=\"hidden\" name=\"_wpcf7_version\" value=\"6.1.5\" \/><input type=\"hidden\" name=\"_wpcf7_locale\" value=\"es_ES\" \/><input type=\"hidden\" name=\"_wpcf7_unit_tag\" value=\"wpcf7-f160-o1\" \/><input type=\"hidden\" name=\"_wpcf7_container_post\" value=\"0\" \/><input type=\"hidden\" name=\"_wpcf7_posted_data_hash\" value=\"\" \/><input type=\"hidden\" name=\"_wpcf7_recaptcha_response\" value=\"\" \/>\n<\/fieldset>\n<p><label> Nombre (obligatorio)<br \/>\n<span class=\"wpcf7-form-control-wrap\" data-name=\"your-name\"><input size=\"40\" maxlength=\"400\" class=\"wpcf7-form-control wpcf7-text wpcf7-validates-as-required\" aria-required=\"true\" aria-invalid=\"false\" value=\"\" type=\"text\" name=\"your-name\" \/><\/span> <\/label>\n<\/p>\n<p><label> Correo electr\u00f3nico (obligatorio)<br \/>\n<span class=\"wpcf7-form-control-wrap\" data-name=\"your-email\"><input size=\"40\" maxlength=\"400\" class=\"wpcf7-form-control wpcf7-email wpcf7-validates-as-required wpcf7-text wpcf7-validates-as-email\" aria-required=\"true\" aria-invalid=\"false\" value=\"\" type=\"email\" name=\"your-email\" \/><\/span> <\/label>\n<\/p>\n<p><label> Asunto<br \/>\n<span class=\"wpcf7-form-control-wrap\" data-name=\"your-subject\"><input size=\"40\" maxlength=\"400\" class=\"wpcf7-form-control wpcf7-text\" aria-invalid=\"false\" value=\"\" type=\"text\" name=\"your-subject\" \/><\/span> <\/label>\n<\/p>\n<p><label> Mensaje<br \/>\n<span class=\"wpcf7-form-control-wrap\" data-name=\"your-message\"><textarea cols=\"40\" rows=\"10\" maxlength=\"2000\" class=\"wpcf7-form-control wpcf7-textarea\" aria-invalid=\"false\" name=\"your-message\"><\/textarea><\/span> <\/label>\n<\/p>\n<p><span class=\"wpcf7-form-control-wrap\" data-name=\"acceptance-627\"><span class=\"wpcf7-form-control wpcf7-acceptance\"><span class=\"wpcf7-list-item\"><label><input type=\"checkbox\" name=\"acceptance-627\" value=\"1\" aria-invalid=\"false\" \/><span class=\"wpcf7-list-item-label\"><span style=\"font-weight:bold;\">Entiendo y acepto la<\/span> <a rel=\"nofollow\" target=\"_blank\" href=\"https:\/\/www.bluemacmachines.com\/index.php\/politica-de-privacidad\/\">Pol\u00edtica de Privacidad<\/a>.<\/span><\/label><\/span><\/span><\/span>\n<\/p>\n<p><input class=\"wpcf7-form-control wpcf7-submit has-spinner\" type=\"submit\" value=\"Enviar\" \/>\n<\/p><div class=\"wpcf7-response-output\" aria-hidden=\"true\"><\/div>\n<\/form>\n<\/div>\n[\/vc_column][vc_column width=\u00bb1\/2&#8243;]<style>.vcex-heading.vcex_69e12d6871b9c{color:#ededed;font-size:22px;}<\/style><div class=\"vcex-heading vcex-heading-plain vcex-module wpex-heading wpex-text-2xl wpex-text-left vcex_69e12d6871b9c\"><span class=\"vcex-heading-inner wpex-inline-block\">MACut &amp; Blue Mac Machines<\/span><\/div>[vc_separator color=\u00bbcustom\u00bb align=\u00bbalign_left\u00bb el_width=\u00bb20&#8243; css=\u00bb.vc_custom_1561011451019{margin-top: 15px !important;margin-bottom: 15px !important;}\u00bb accent_color=\u00bb#5b5b5b\u00bb]<style>.vcex-heading.vcex_69e12d6871fba{color:#3f90bd;font-size:14px;}<\/style><div class=\"vcex-heading vcex-heading-plain vcex-module wpex-heading wpex-text-2xl wpex-text-left vcex_69e12d6871fba\"><span class=\"vcex-heading-inner wpex-inline-block\">DESCRIPCI\u00d3N SOFTWARE DISE\u00d1O TRABAJOS Y NESTING MAcut<\/span><\/div>[vc_empty_space][vc_column_text color=\u00bb#eaeaea\u00bb]MACut es un sistema CAD\/CAM especialmente dise\u00f1ado para automatizar la programaci\u00f3n de las m\u00e1quinas de corte de chapa met\u00e1lica (oxicorte, plasma, laser, corte por agua). En unos pocos clics ser\u00e1 capaz de generar programas eficientes para su m\u00e1quina, mejorando la utilizaci\u00f3n de material y tiempo de ejecuci\u00f3n de la m\u00e1quina.[\/vc_column_text][vc_empty_space][vc_separator color=\u00bbcustom\u00bb align=\u00bbalign_left\u00bb el_width=\u00bb20&#8243; css=\u00bb.vc_custom_1561011477987{margin-top: 15px !important;margin-bottom: 15px !important;}\u00bb accent_color=\u00bb#5b5b5b\u00bb]<style>.vcex-heading.vcex_69e12d687237c{color:#3f90bd;font-size:14px;}<\/style><div class=\"vcex-heading vcex-heading-plain vcex-module wpex-heading wpex-text-2xl wpex-text-left vcex_69e12d687237c\"><span class=\"vcex-heading-inner wpex-inline-block\">CAD\/CAM: Importaci\u00f3n, Conversi\u00f3n, y Desarrollo de Pieza<\/span><\/div>[vc_empty_space][vc_column_text color=\u00bb#eaeaea\u00bb]- Importaci\u00f3n y conversi\u00f3n autom\u00e1tica de los formatos de archivos *.dxf, *.dwg.<br \/>\n&#8211; Importaci\u00f3n y asignaci\u00f3n autom\u00e1tica de las capas\/colores\/informaci\u00f3n del material para el proceso de corte.<br \/>\n&#8211; Limpia las capas del CAD, perfiles y entidades.<br \/>\n&#8211; Reducci\u00f3n autom\u00e1tica de las entidades y suavizado producido por las entidades polil\u00ednea y spiline..<br \/>\n&#8211; Importaci\u00f3n y asignaci\u00f3n autom\u00e1tica de las propiedades de los Materiales (cantidad, material, espesor, etc..) del dibujo CAD.<br \/>\n&#8211; La direcci\u00f3n y secuencias de corte se asignar\u00e1n autom\u00e1ticamente<br \/>\n&#8211; Asignaci\u00f3n autom\u00e1tic a de las entradas y salidas, as\u00ed como de sus tipos y propiedades (arco, l\u00ednea, l\u00ednea + arco) y tama\u00f1o en la importaci\u00f3n.<br \/>\n&#8211; Posibilidad de importar y separar varias piezas de un dibujo CAD.[\/vc_column_text][vc_empty_space][vc_column_text color=\u00bb#eaeaea\u00bb]<span style=\"color: #3f90bd;\"><strong>Nesting<\/strong><\/span><\/p>\n<p>Nesting manual y autom\u00e1tico con gran flexibilidad y m\u00e1ximo rendimiento. La combinaci\u00f3n perfecta de anidamiento autom\u00e1tico y semiautom\u00e1tico junto con poderosas funciones manuales de anidamiento como: copiar, mover, girar, etc.. Editar la posici\u00f3n de entradas y salidas antes y despu\u00e9s del Nesting. Detecci\u00f3n de colisiones entre piezas. El anidamiento autom\u00e1tico de MACut optimiza al m\u00e1ximo la disposici\u00f3n de las piezas en la chapa.<\/p>\n<p><span style=\"color: #3f90bd;\"><strong>Configuraci\u00f3n<\/strong><\/span><\/p>\n<p>&#8211; Reducci\u00f3n de entidades y alisado.<br \/>\n&#8211; Posici\u00f3n y estilo de entradas y salidas.<br \/>\n&#8211; Opci\u00f3n de redondeo y bucle.<br \/>\n&#8211; Secuencia de camino de Agujero y Pieza basado en una variedad de estrategias.<br \/>\n&#8211; Kerf, Microjuntas y Puentes.<\/p>\n<p><span style=\"color: #3f90bd;\"><strong>CN e Informes<\/strong><\/span><\/p>\n<p>&#8211; Simulaci\u00f3n de secuencia de corte animada.<br \/>\n&#8211; Generaci\u00f3n de archivo CN.<br \/>\n&#8211; Generaci\u00f3n de informe con las Ordenes de Fabricaci\u00f3n.<\/p>\n<p><span style=\"color: #3f90bd;\"><strong>Paquete de HVAC integrado<\/strong><\/span><\/p>\n<p>Grupos de Cilindros, Conos, Prismas, Codos, Tolvas, Transformadores, Pantalones, Intersecciones, Espirales, Esferas y Piezas Planas[\/vc_column_text][vc_separator color=\u00bbcustom\u00bb el_width=\u00bb20&#8243; css=\u00bb.vc_custom_1560766277603{margin-top: 15px !important;margin-bottom: 15px !important;}\u00bb accent_color=\u00bb#5b5b5b\u00bb][vc_empty_space height=\u00bb13px\u00bb]<div class=\"theme-button-wrap textcenter wpex-clr\"><a href=\"https:\/\/www.bluemacmachines.com\/wp-content\/uploads\/2020\/06\/Blue-Mac-Machines-software.pdf\" class=\"vcex-button theme-button minimal-border blue large align-center inline hvr hvr-grow-shadow  wpb_animate_when_almost_visible wpb_fadeInLeft fadeInLeft\" target=\"_blank\" download rel=\"noopener noreferrer\"><span class=\"vcex-button-inner theme-button-inner wpex-flex wpex-flex-wrap wpex-items-center wpex-justify-center\"><span class=\"vcex-button-icon vcex-icon-wrap theme-button-icon-left\"><span class=\"wpex-icon\" aria-hidden=\"true\"><svg xmlns=\"http:\/\/www.w3.org\/2000\/svg\" viewBox=\"0 0 512 512\"><path d=\"M64 464l48 0 0 48-48 0c-35.3 0-64-28.7-64-64L0 64C0 28.7 28.7 0 64 0L229.5 0c17 0 33.3 6.7 45.3 18.7l90.5 90.5c12 12 18.7 28.3 18.7 45.3L384 304l-48 0 0-144-80 0c-17.7 0-32-14.3-32-32l0-80L64 48c-8.8 0-16 7.2-16 16l0 384c0 8.8 7.2 16 16 16zM176 352l32 0c30.9 0 56 25.1 56 56s-25.1 56-56 56l-16 0 0 32c0 8.8-7.2 16-16 16s-16-7.2-16-16l0-48 0-80c0-8.8 7.2-16 16-16zm32 80c13.3 0 24-10.7 24-24s-10.7-24-24-24l-16 0 0 48 16 0zm96-80l32 0c26.5 0 48 21.5 48 48l0 64c0 26.5-21.5 48-48 48l-32 0c-8.8 0-16-7.2-16-16l0-128c0-8.8 7.2-16 16-16zm32 128c8.8 0 16-7.2 16-16l0-64c0-8.8-7.2-16-16-16l-16 0 0 96 16 0zm80-112c0-8.8 7.2-16 16-16l48 0c8.8 0 16 7.2 16 16s-7.2 16-16 16l-32 0 0 32 32 0c8.8 0 16 7.2 16 16s-7.2 16-16 16l-32 0 0 48c0 8.8-7.2 16-16 16s-16-7.2-16-16l0-64 0-64z\"\/><\/svg><\/span><\/span>Descarga ficha<\/span><\/a><\/div> [\/vc_column][\/vc_row]\n<\/div>","protected":false},"excerpt":{"rendered":"<p>[vc_row gap=\u00bb25&#8243;][vc_column width=\u00bb1\/2&#8243;][vc_empty_space][vc_separator color=\u00bbcustom\u00bb el_width=\u00bb20&#8243; css=\u00bb.vc_custom_1560766233971{margin-top: 15px !important;margin-bottom: 15px !important;}\u00bb accent_color=\u00bb#5b5b5b\u00bb][vc_empty_space][\/vc_column][vc_column width=\u00bb1\/2&#8243;][vc_separator color=\u00bbcustom\u00bb align=\u00bbalign_left\u00bb el_width=\u00bb20&#8243; css=\u00bb.vc_custom_1561011451019{margin-top: 15px !important;margin-bottom: 15px !important;}\u00bb accent_color=\u00bb#5b5b5b\u00bb][vc_empty_space][vc_column_text color=\u00bb#eaeaea\u00bb]MACut es un sistema CAD\/CAM especialmente dise\u00f1ado para automatizar la programaci\u00f3n de las m\u00e1quinas de corte de chapa met\u00e1lica (oxicorte, plasma, laser, corte por agua). En unos pocos clics ser\u00e1 capaz de generar programas&hellip;<\/p>\n","protected":false},"author":1,"featured_media":0,"parent":38,"menu_order":0,"comment_status":"closed","ping_status":"closed","template":"","meta":{"footnotes":""},"class_list":["post-135","page","type-page","status-publish","hentry","entry","no-media"],"_links":{"self":[{"href":"https:\/\/www.bluemacmachines.com\/index.php\/wp-json\/wp\/v2\/pages\/135","targetHints":{"allow":["GET"]}}],"collection":[{"href":"https:\/\/www.bluemacmachines.com\/index.php\/wp-json\/wp\/v2\/pages"}],"about":[{"href":"https:\/\/www.bluemacmachines.com\/index.php\/wp-json\/wp\/v2\/types\/page"}],"author":[{"embeddable":true,"href":"https:\/\/www.bluemacmachines.com\/index.php\/wp-json\/wp\/v2\/users\/1"}],"replies":[{"embeddable":true,"href":"https:\/\/www.bluemacmachines.com\/index.php\/wp-json\/wp\/v2\/comments?post=135"}],"version-history":[{"count":9,"href":"https:\/\/www.bluemacmachines.com\/index.php\/wp-json\/wp\/v2\/pages\/135\/revisions"}],"predecessor-version":[{"id":208,"href":"https:\/\/www.bluemacmachines.com\/index.php\/wp-json\/wp\/v2\/pages\/135\/revisions\/208"}],"up":[{"embeddable":true,"href":"https:\/\/www.bluemacmachines.com\/index.php\/wp-json\/wp\/v2\/pages\/38"}],"wp:attachment":[{"href":"https:\/\/www.bluemacmachines.com\/index.php\/wp-json\/wp\/v2\/media?parent=135"}],"curies":[{"name":"wp","href":"https:\/\/api.w.org\/{rel}","templated":true}]}}